{"id":24,"date":"2011-09-26T14:56:56","date_gmt":"2011-09-26T14:56:56","guid":{"rendered":"https:\/\/www.dpsg-grevenbroich.de\/?page_id=24"},"modified":"2012-03-26T19:40:12","modified_gmt":"2012-03-26T18:40:12","slug":"unsere-arbeit","status":"publish","type":"page","link":"https:\/\/www.dpsg-grevenbroich.de\/?page_id=24","title":{"rendered":"Arbeit des Stammes"},"content":{"rendered":"<p><span class=\"Apple-style-span\" style=\"color: #333333; font-weight: 300;\">Im Zentrum der Stammesaktivit\u00e4ten steht die regelm\u00e4\u00dfige Arbeit mit den Kindern und Jugendlichen. Einmal in der Woche findet die Truppstunde der jeweiligen Stufe statt. Sie dauert 90 Minuten und wird mit gemeinsamen Aktivit\u00e4ten, Spielen oder Vorbereitungen auf gr\u00f6\u00dfere Aktionen verbracht. \u00dcber die Gestaltung der Truppstunden entscheiden die Kinder und Jugendlichen in wachsendem Ma\u00dfe mit.<\/span><br \/>\nH\u00f6hepunkt des Pfadfinderjahres ist das Sommerlager. In der Regel f\u00e4hrt jede Alterstufe in den Sommerferien f\u00fcr zwei Wochen ins Sommerlager, wobei die Ziele je nach Alterstufe vom Westerwald bis hin nach Schweden oder Kroatien variieren. Ca. alle zwei Jahre f\u00fchren wir ein gemeinsames Stammeslager zusammen mit allen Altersstufen durch.<br \/>\nNeben dem Sommerlager gibt es Wochenendlager wie das Winterlager und Lager, die von der DPSG Bezirks- oder Di\u00f6zesanebene organisiert werden. Zahlreiche Tagesaktionen kommen hinzu, so dass der Pfadfinderterminkalender immer gut gef\u00fcllt ist.<\/p>\n","protected":false},"excerpt":{"rendered":"<p>Im Zentrum der Stammesaktivit\u00e4ten steht die regelm\u00e4\u00dfige Arbeit mit den Kindern und Jugendlichen. Einmal in der Woche findet die Truppstunde der jeweiligen Stufe statt. Sie dauert 90 Minuten und wird mit gemeinsamen Aktivit\u00e4ten, Spielen oder Vorbereitungen auf gr\u00f6\u00dfere Aktionen verbracht. \u00dcber die Gestaltung der Truppstunden entscheiden die Kinder und Jugendlichen in wachsendem Ma\u00dfe mit. H\u00f6hepunkt&#8230;<\/p>\n","protected":false},"author":3,"featured_media":0,"parent":16,"menu_order":0,"comment_status":"open","ping_status":"open","template":"template-full.php","meta":[],"_links":{"self":[{"href":"https:\/\/www.dpsg-grevenbroich.de\/index.php?rest_route=\/wp\/v2\/pages\/24"}],"collection":[{"href":"https:\/\/www.dpsg-grevenbroich.de\/index.php?rest_route=\/wp\/v2\/pages"}],"about":[{"href":"https:\/\/www.dpsg-grevenbroich.de\/index.php?rest_route=\/wp\/v2\/types\/page"}],"author":[{"embeddable":true,"href":"https:\/\/www.dpsg-grevenbroich.de\/index.php?rest_route=\/wp\/v2\/users\/3"}],"replies":[{"embeddable":true,"href":"https:\/\/www.dpsg-grevenbroich.de\/index.php?rest_route=%2Fwp%2Fv2%2Fcomments&post=24"}],"version-history":[{"count":5,"href":"https:\/\/www.dpsg-grevenbroich.de\/index.php?rest_route=\/wp\/v2\/pages\/24\/revisions"}],"predecessor-version":[{"id":365,"href":"https:\/\/www.dpsg-grevenbroich.de\/index.php?rest_route=\/wp\/v2\/pages\/24\/revisions\/365"}],"up":[{"embeddable":true,"href":"https:\/\/www.dpsg-grevenbroich.de\/index.php?rest_route=\/wp\/v2\/pages\/16"}],"wp:attachment":[{"href":"https:\/\/www.dpsg-grevenbroich.de\/index.php?rest_route=%2Fwp%2Fv2%2Fmedia&parent=24"}],"curies":[{"name":"wp","href":"https:\/\/api.w.org\/{rel}","templated":true}]}}