{"id":282,"date":"2011-10-03T21:11:50","date_gmt":"2011-10-03T19:11:50","guid":{"rendered":"https:\/\/www.dpsg-grevenbroich.de\/?page_id=282"},"modified":"2022-11-29T15:41:32","modified_gmt":"2022-11-29T14:41:32","slug":"wir-2","status":"publish","type":"page","link":"https:\/\/www.dpsg-grevenbroich.de\/","title":{"rendered":"Willkommen"},"content":{"rendered":"<p style=\"text-align: left;\">&#8230;auf der Website der Georgspfadfinder des Stammes St. Josef aus Grevenbroich-S\u00fcd.<\/p>\n<p>Wir m\u00f6chten uns auf diesen Seiten kurz vorstellen, um Ihnen, liebe Besucher, einen Einblick in unseren Pfadfinderstamm zu gew\u00e4hren.<\/p>\n<p style=\"text-align: left;\"><a href=\"https:\/\/www.dpsg-grevenbroich.de\/wp-content\/uploads\/2011\/09\/OPA2.jpg\"><img decoding=\"async\" loading=\"lazy\" class=\"aligncenter wp-image-82 size-full\" src=\"https:\/\/www.dpsg-grevenbroich.de\/wp-content\/uploads\/2011\/09\/OPA2.jpg\" alt=\"OPA\" width=\"190\" height=\"128\"><\/a>Der Stamm St. Josef geh\u00f6rt zu der <a title=\"Die Seiten des Bundesverbandes der DPSG\" href=\"http:\/\/www.dpsg.de\" target=\"_blank\" rel=\"noopener\">Deutschen Pfadfinderschaft St. Georg (DPSG)<\/a> und ist, wie auch schon aus dem Namen erkennbar ist, in der katholischen Pfarrgemeinde&nbsp;St. Josef in Grevenbroich-S\u00fcd zu Hause.<br>F\u00fcr unsere Runden steht uns ein kleiner eigener Raum im Pfarrzentrum zur Verf\u00fcgung und wir k\u00f6nnen auf weitere R\u00e4umlichkeiten der GOT zur\u00fcckgreifen.<\/p>\n<blockquote>\n<p style=\"text-align: center;\"><strong>Einmal Pfadfinder, immer Pfadfinder<\/strong><\/p>\n<\/blockquote>\n\n\n<p>>>> Du m\u00f6chtest Mitglied in unserem Stamm werden? <a href=\"https:\/\/www.dpsg-grevenbroich.de\/wp-content\/uploads\/Anmeldung2022.pdf\">Dann findest Du HIER unser Anmeldeformular!<\/a><\/p>\n","protected":false},"excerpt":{"rendered":"<p>&#8230;auf der Website der Georgspfadfinder des Stammes St. Josef aus Grevenbroich-S\u00fcd. Wir m\u00f6chten uns auf diesen Seiten kurz vorstellen, um Ihnen, liebe Besucher, einen Einblick in unseren Pfadfinderstamm zu gew\u00e4hren. Der Stamm St. Josef geh\u00f6rt zu der Deutschen Pfadfinderschaft St. Georg (DPSG) und ist, wie auch schon aus dem Namen erkennbar ist, in der katholischen&#8230;<\/p>\n","protected":false},"author":3,"featured_media":0,"parent":0,"menu_order":0,"comment_status":"closed","ping_status":"closed","template":"","meta":[],"_links":{"self":[{"href":"https:\/\/www.dpsg-grevenbroich.de\/index.php?rest_route=\/wp\/v2\/pages\/282"}],"collection":[{"href":"https:\/\/www.dpsg-grevenbroich.de\/index.php?rest_route=\/wp\/v2\/pages"}],"about":[{"href":"https:\/\/www.dpsg-grevenbroich.de\/index.php?rest_route=\/wp\/v2\/types\/page"}],"author":[{"embeddable":true,"href":"https:\/\/www.dpsg-grevenbroich.de\/index.php?rest_route=\/wp\/v2\/users\/3"}],"replies":[{"embeddable":true,"href":"https:\/\/www.dpsg-grevenbroich.de\/index.php?rest_route=%2Fwp%2Fv2%2Fcomments&post=282"}],"version-history":[{"count":34,"href":"https:\/\/www.dpsg-grevenbroich.de\/index.php?rest_route=\/wp\/v2\/pages\/282\/revisions"}],"predecessor-version":[{"id":1450,"href":"https:\/\/www.dpsg-grevenbroich.de\/index.php?rest_route=\/wp\/v2\/pages\/282\/revisions\/1450"}],"wp:attachment":[{"href":"https:\/\/www.dpsg-grevenbroich.de\/index.php?rest_route=%2Fwp%2Fv2%2Fmedia&parent=282"}],"curies":[{"name":"wp","href":"https:\/\/api.w.org\/{rel}","templated":true}]}}