{"id":38,"date":"2011-09-26T15:03:49","date_gmt":"2011-09-26T15:03:49","guid":{"rendered":"https:\/\/www.dpsg-grevenbroich.de\/?page_id=38"},"modified":"2024-04-28T11:08:50","modified_gmt":"2024-04-28T10:08:50","slug":"wolflinge","status":"publish","type":"page","link":"https:\/\/www.dpsg-grevenbroich.de\/?page_id=38","title":{"rendered":"W\u00f6lflinge"},"content":{"rendered":"<p>Der Begriff \u201eW\u00f6lfling\u201c ist aus dem Dschungelbuch von Rudyard Kipling entliehen. Der Pfadfindergr\u00fcnder Baden-Powell fand, dass so die Kleinen ihre Neugier und ihre Phantasie am besten ausleben k\u00f6nnen.<\/p>\n<p>W\u00f6lflinge bringen eine Menge F\u00e4higkeiten mit. Das ist gut, denn wir wollen den Kinder die M\u00f6glichkeit geben, spielerisch die Welt zu entdecken!<\/p>\n<p>W\u00f6lflinge sind neugierig und probieren aus, spielen und spinnen dutzende Ideen und wollen sie verwirklichen. Sie sind gef\u00fchlvoll und wollen immer alles wissen. Sie reden miteinander und suchen L\u00f6sungen f\u00fcr Probleme, nehmen mit allen Sinnen die Natur wahr und versuchen sie zu sch\u00fctzen. W\u00f6lflinge wollen ihre Umwelt entdecken und stellen Fragen. Besonders wichtig ist f\u00fcr sie Freundschaft.<\/p>\n<p>Das Hauptleben findet bei den W\u00f6lflingen in den Gruppenstunden statt. Dort laufen die meisten Aktionen in der sogenannten Meute, der Gro\u00dfgruppe, ab. Daneben gibt es noch die Kleingruppen.<\/p>\n<p>Spielerisch die Welt entdecken &#8211; so lernen auch schon die W\u00f6lflinge, was es heisst, ein Pfadfinder zu sein. Schlie\u00dflich sind sie mit ihrem Alter von 6 bis 11 Jahren noch die Welpen der DPSG.<br \/>\nNeben spielen, experimentieren und basteln werden ihnen hier auch die ersten pfadfinderischen Techniken wie Kompass lesen, Zelte aufbauen und Feuer machen n\u00e4her gebracht. Absolutes Highlight f\u00fcr die Kinder war der im letzten Jahr absolvierte &#8220;Taschenmesser-F\u00fchrerschein&#8221;.<\/p>\n<p>Jeden zweiten Freitag treffen wir uns zu unserer dreist\u00fcndigen Truppstunde, wo auch das allj\u00e4hrliche Sommerlager von der W\u00f6lflingsmeute frei nach dem Prinzip der Kindermitbestimmung mit geplant und vorbereitet werden darf.<\/p>\n<p>Auch Aktionen auf Bezirks- und Di\u00f6zesanebene finden nicht ohne uns statt, da wir es wichtig finden, dass die W\u00f6lflinge von klein auf eine Vorstellung davon bekommen, was es hei\u00dft, in einem weltweiten Verband organisiert zu sein.<\/p>\n<p>Leitungsteam 2023\/24<\/p>\n<p><em>DAS LEITUNGSTEAMBILD FOLGT<\/em><\/p>\n<p>Team: Mia, Johanna, Clemens, Sandra.<\/p>\n<p>Neugierig geworden? Immer im Herbst beginnt das neue W\u00f6lflings-Jahr f\u00fcr neue W\u00f6lflinge. Meldet euch einfach per <a title=\"Kontakt\" href=\"https:\/\/www.dpsg-grevenbroich.de\/?page_id=315\">E-Mail<\/a> bei uns, wir informieren euch dann, wann und wie ihr bei den W\u00f6s schnuppern k\u00f6nnt.<\/p>\n<p>&gt;&gt;&gt;Du m\u00f6chtest Mitglied in unserem Stamm werden? <a href=\"https:\/\/www.dpsg-grevenbroich.de\/wp-content\/uploads\/Anmeldung2022.pdf\">Dann findest Du HIER das Anmeldeformular.<\/a><\/p>\n","protected":false},"excerpt":{"rendered":"<p>Der Begriff \u201eW\u00f6lfling\u201c ist aus dem Dschungelbuch von Rudyard Kipling entliehen. Der Pfadfindergr\u00fcnder Baden-Powell fand, dass so die Kleinen ihre Neugier und ihre Phantasie am besten ausleben k\u00f6nnen. W\u00f6lflinge bringen eine Menge F\u00e4higkeiten mit. Das ist gut, denn wir wollen den Kinder die M\u00f6glichkeit geben, spielerisch die Welt zu entdecken! W\u00f6lflinge sind neugierig und probieren&#8230;<\/p>\n","protected":false},"author":3,"featured_media":0,"parent":18,"menu_order":0,"comment_status":"open","ping_status":"open","template":"template-full.php","meta":[],"_links":{"self":[{"href":"https:\/\/www.dpsg-grevenbroich.de\/index.php?rest_route=\/wp\/v2\/pages\/38"}],"collection":[{"href":"https:\/\/www.dpsg-grevenbroich.de\/index.php?rest_route=\/wp\/v2\/pages"}],"about":[{"href":"https:\/\/www.dpsg-grevenbroich.de\/index.php?rest_route=\/wp\/v2\/types\/page"}],"author":[{"embeddable":true,"href":"https:\/\/www.dpsg-grevenbroich.de\/index.php?rest_route=\/wp\/v2\/users\/3"}],"replies":[{"embeddable":true,"href":"https:\/\/www.dpsg-grevenbroich.de\/index.php?rest_route=%2Fwp%2Fv2%2Fcomments&post=38"}],"version-history":[{"count":26,"href":"https:\/\/www.dpsg-grevenbroich.de\/index.php?rest_route=\/wp\/v2\/pages\/38\/revisions"}],"predecessor-version":[{"id":1502,"href":"https:\/\/www.dpsg-grevenbroich.de\/index.php?rest_route=\/wp\/v2\/pages\/38\/revisions\/1502"}],"up":[{"embeddable":true,"href":"https:\/\/www.dpsg-grevenbroich.de\/index.php?rest_route=\/wp\/v2\/pages\/18"}],"wp:attachment":[{"href":"https:\/\/www.dpsg-grevenbroich.de\/index.php?rest_route=%2Fwp%2Fv2%2Fmedia&parent=38"}],"curies":[{"name":"wp","href":"https:\/\/api.w.org\/{rel}","templated":true}]}}