{"id":40,"date":"2011-09-26T15:04:24","date_gmt":"2011-09-26T15:04:24","guid":{"rendered":"https:\/\/www.dpsg-grevenbroich.de\/?page_id=40"},"modified":"2023-10-29T08:06:51","modified_gmt":"2023-10-29T07:06:51","slug":"jungpfadfinder","status":"publish","type":"page","link":"https:\/\/www.dpsg-grevenbroich.de\/?page_id=40","title":{"rendered":"Jungpfadfinder"},"content":{"rendered":"<hr \/>\n<p>Jungpfadfinder:<\/p>\n<p><a href=\"https:\/\/www.dpsg-grevenbroich.de\/wp-content\/uploads\/KoboldJonny1.gif\"><img decoding=\"async\" loading=\"lazy\" class=\"alignnone  wp-image-405\" src=\"https:\/\/www.dpsg-grevenbroich.de\/wp-content\/uploads\/KoboldJonny1-180x300.gif\" alt=\"KoboldJonny\" width=\"70\" height=\"117\" srcset=\"https:\/\/www.dpsg-grevenbroich.de\/wp-content\/uploads\/KoboldJonny1-180x300.gif 180w, https:\/\/www.dpsg-grevenbroich.de\/wp-content\/uploads\/KoboldJonny1.gif 347w\" sizes=\"(max-width: 70px) 100vw, 70px\" \/><\/a><br \/>\nDie Jungpfadfinder sind die Kinder im Alter von 11 bis 13 Jahre. Sie treffen sich einmal in der Woche am Donnerstag f\u00fcr 1 \u00bd Stunden um vieles zu machen, was sie vielleicht zuhause alleine nicht zustande bringen k\u00f6nnen. Die Gruppe besteht meistens aus 10 bis 15 Kinder, sodass wir viele Projekte und viele Spiele bew\u00e4ltigen k\u00f6nnen.<br \/>\nIm letzten Jahr gab es Projekte, wie Schwedenst\u00fchle bauen, Kerzen basteln, Lagerfeuer und mehrere Kochprojekte. Zudem waren die Kinder in einer Waldh\u00fctte im Winterlager, in Belgien im Sommerlager und auf weiteren \u00dcbernachtungen, wo wir Schwimmen waren oder Filme geschaut haben.<br \/>\nPfadfinder bedeutet, dass zu machen was allen zusammen Spa\u00df bereitet und die Gruppe zusammen wachsen l\u00e4sst. Es wird viel in der Natur gespielt oder Aktionen gestartet. Wichtig ist, dass die Kinder nicht nur die anderen Stammesmitglieder in sogenannten Stammestruppstunden kennenlernen, sondern auch viele weitere Menschen zum Beispiel im n\u00e4chsten Sommerlager.<br \/>\nDie Themen und Projekte werden von den Kindern selbst gew\u00e4lt und dieses Jahr haben sich die Kinder f\u00fcr ein Theaterst\u00fcck entschieden. Also wird der Fantasie und der Kreativit\u00e4t keine Grenzen gesetzt. Trotz dem Projekt wird weiterhin viel gespielt und immer wieder Abwechslung in die Truppstunde gebracht.<\/p>\n<p>Wir hoffen Sie sind neugierig geworden und schauen sich die n\u00e4chste Truppstunde mal an. Wir freuen uns \u00fcber jeden Besucher und laden Sie herzlich ein.<\/p>\n<p>LEITUNGSTEAM 2023\/24: Jasmine, Timo, Nick, Raphael.<\/p>\n<p><em>Das Leitungsteam-Bild folgt&#8230;<\/em><\/p>\n<p>&gt;&gt;&gt; Du m\u00f6chtest Mitglied in unserem Stamm werden? <a href=\"https:\/\/www.dpsg-grevenbroich.de\/wp-content\/uploads\/Anmeldung2022.pdf\">Dann findest Du HIER unser Anmeldeformular.<\/a><\/p>\n","protected":false},"excerpt":{"rendered":"<p>Jungpfadfinder: Die Jungpfadfinder sind die Kinder im Alter von 11 bis 13 Jahre. Sie treffen sich einmal in der Woche am Donnerstag f\u00fcr 1 \u00bd Stunden um vieles zu machen, was sie vielleicht zuhause alleine nicht zustande bringen k\u00f6nnen. Die Gruppe besteht meistens aus 10 bis 15 Kinder, sodass wir viele Projekte und viele Spiele&#8230;<\/p>\n","protected":false},"author":3,"featured_media":0,"parent":18,"menu_order":0,"comment_status":"open","ping_status":"open","template":"template-full.php","meta":[],"_links":{"self":[{"href":"https:\/\/www.dpsg-grevenbroich.de\/index.php?rest_route=\/wp\/v2\/pages\/40"}],"collection":[{"href":"https:\/\/www.dpsg-grevenbroich.de\/index.php?rest_route=\/wp\/v2\/pages"}],"about":[{"href":"https:\/\/www.dpsg-grevenbroich.de\/index.php?rest_route=\/wp\/v2\/types\/page"}],"author":[{"embeddable":true,"href":"https:\/\/www.dpsg-grevenbroich.de\/index.php?rest_route=\/wp\/v2\/users\/3"}],"replies":[{"embeddable":true,"href":"https:\/\/www.dpsg-grevenbroich.de\/index.php?rest_route=%2Fwp%2Fv2%2Fcomments&post=40"}],"version-history":[{"count":27,"href":"https:\/\/www.dpsg-grevenbroich.de\/index.php?rest_route=\/wp\/v2\/pages\/40\/revisions"}],"predecessor-version":[{"id":1478,"href":"https:\/\/www.dpsg-grevenbroich.de\/index.php?rest_route=\/wp\/v2\/pages\/40\/revisions\/1478"}],"up":[{"embeddable":true,"href":"https:\/\/www.dpsg-grevenbroich.de\/index.php?rest_route=\/wp\/v2\/pages\/18"}],"wp:attachment":[{"href":"https:\/\/www.dpsg-grevenbroich.de\/index.php?rest_route=%2Fwp%2Fv2%2Fmedia&parent=40"}],"curies":[{"name":"wp","href":"https:\/\/api.w.org\/{rel}","templated":true}]}}