{"id":42,"date":"2011-09-26T15:05:50","date_gmt":"2011-09-26T15:05:50","guid":{"rendered":"https:\/\/www.dpsg-grevenbroich.de\/?page_id=42"},"modified":"2023-10-29T08:07:23","modified_gmt":"2023-10-29T07:07:23","slug":"pfadfinder","status":"publish","type":"page","link":"https:\/\/www.dpsg-grevenbroich.de\/?page_id=42","title":{"rendered":"Pfadfinder"},"content":{"rendered":"<p>Pfadfinder:<\/p>\n<p><a href=\"https:\/\/www.dpsg-grevenbroich.de\/wp-content\/uploads\/lilie_pfadi.jpg\"><img decoding=\"async\" loading=\"lazy\" class=\"  wp-image-171 aligncenter\" src=\"https:\/\/www.dpsg-grevenbroich.de\/wp-content\/uploads\/lilie_pfadi.jpg\" alt=\"lilie_pfadi\" width=\"128\" height=\"125\" \/><\/a><br \/>\nWir Pfadis sind Jugendliche im Alter von 14 bis 16 Jahre. Wir treffen uns jede Woche Donnerstag f\u00fcr 1 \u00bd Stunden. In dieser Zeit machen wir dass, wonach uns grade ist.<br \/>\nAb und an sind wir im GOT setzen uns zusammen und schmieden Pl\u00e4ne f\u00fcr Projekte, Sommerlager oder Aktionen, die wir starten wollen.<\/p>\n<p style=\"text-align: justify;\">Wir haben viel Mitbestimmungsrecht und k\u00f6nnen uns aussuchen, wie wir unser Jahr gestalten. Im letzten Jahr hatten wir das Projekt Klettern, wir waren Eislaufen und wir konnten die coole Aktion starten einen Canu- Hike im Sommerlager zu machen.<\/p>\n<p style=\"text-align: justify;\">Jetzt beginnt ein neues Jahr und unser Leitungsteam verdoppelt sich. Nun leiten die Pfadis Steffen, Svenja und Mam\u00fc. Au\u00dferdem starten wir wieder viele aufregende Projekte. Zum Beispiel machen wir dieses Jahr etwas sehr kreatives und gestalten einen Pullover f\u00fcr unseren Stamm.<\/p>\n<p style=\"text-align: justify;\">Unsere Pfadi-gruppe ist sehr in die Aufgaben des Stammes einbezogen, da wir beim Weihnachtsbaumverkauf helfen k\u00f6nnen und Stammestruppstunden mitgestalten d\u00fcrfen. \u00dcberhaupt haben wir sehr viel Mitbestimmungsrecht und f\u00fchlen uns f\u00fcr die Aktionen und Aufgaben verantwortlich.<\/p>\n<p style=\"text-align: justify;\">Wir laden euch herzlich ein mit zu machen, weil wir Zuwachs immer gebrauchen k\u00f6nnen. Kommt einfach zur Truppstunde vorbei und schaut es euch mal an. Wir w\u00fcrden uns freuen und w\u00fcrden euch in unseren Trupp aufnehmen.<br \/>\nGut Pfad euer Pfaditrupp<\/p>\n<p>LEITUNGSTEAM 2023\/24: Florian &amp; Svenja<\/p>\n<p><em>Das Leitungsteam-Bild folgt&#8230;<\/em><\/p>\n<p>&gt;&gt;&gt; Du m\u00f6chtest Mitglied in unserem Stamm werden? <a href=\"https:\/\/www.dpsg-grevenbroich.de\/wp-content\/uploads\/Anmeldung2022.pdf\">Dann findest Du HIER das Anmeldeformular.<\/a><\/p>\n<p style=\"text-align: center;\">\n","protected":false},"excerpt":{"rendered":"<p>Pfadfinder: Wir Pfadis sind Jugendliche im Alter von 14 bis 16 Jahre. Wir treffen uns jede Woche Donnerstag f\u00fcr 1 \u00bd Stunden. In dieser Zeit machen wir dass, wonach uns grade ist. Ab und an sind wir im GOT setzen uns zusammen und schmieden Pl\u00e4ne f\u00fcr Projekte, Sommerlager oder Aktionen, die wir starten wollen. Wir&#8230;<\/p>\n","protected":false},"author":3,"featured_media":0,"parent":18,"menu_order":0,"comment_status":"open","ping_status":"open","template":"template-full.php","meta":[],"_links":{"self":[{"href":"https:\/\/www.dpsg-grevenbroich.de\/index.php?rest_route=\/wp\/v2\/pages\/42"}],"collection":[{"href":"https:\/\/www.dpsg-grevenbroich.de\/index.php?rest_route=\/wp\/v2\/pages"}],"about":[{"href":"https:\/\/www.dpsg-grevenbroich.de\/index.php?rest_route=\/wp\/v2\/types\/page"}],"author":[{"embeddable":true,"href":"https:\/\/www.dpsg-grevenbroich.de\/index.php?rest_route=\/wp\/v2\/users\/3"}],"replies":[{"embeddable":true,"href":"https:\/\/www.dpsg-grevenbroich.de\/index.php?rest_route=%2Fwp%2Fv2%2Fcomments&post=42"}],"version-history":[{"count":23,"href":"https:\/\/www.dpsg-grevenbroich.de\/index.php?rest_route=\/wp\/v2\/pages\/42\/revisions"}],"predecessor-version":[{"id":1479,"href":"https:\/\/www.dpsg-grevenbroich.de\/index.php?rest_route=\/wp\/v2\/pages\/42\/revisions\/1479"}],"up":[{"embeddable":true,"href":"https:\/\/www.dpsg-grevenbroich.de\/index.php?rest_route=\/wp\/v2\/pages\/18"}],"wp:attachment":[{"href":"https:\/\/www.dpsg-grevenbroich.de\/index.php?rest_route=%2Fwp%2Fv2%2Fmedia&parent=42"}],"curies":[{"name":"wp","href":"https:\/\/api.w.org\/{rel}","templated":true}]}}