{"id":49,"date":"2011-09-26T15:08:22","date_gmt":"2011-09-26T15:08:22","guid":{"rendered":"https:\/\/www.dpsg-grevenbroich.de\/?page_id=49"},"modified":"2012-03-26T19:42:02","modified_gmt":"2012-03-26T18:42:02","slug":"freundeskreis","status":"publish","type":"page","link":"https:\/\/www.dpsg-grevenbroich.de\/?page_id=49","title":{"rendered":"Freundeskreis"},"content":{"rendered":"<div id=\"attachment_216\" style=\"width: 160px\" class=\"wp-caption alignright\"><img aria-describedby=\"caption-attachment-216\" decoding=\"async\" loading=\"lazy\" class=\"size-thumbnail wp-image-216  \" title=\"Ein Teil des Freundeskreises Weihnachten 2003\" src=\"https:\/\/www.dpsg-grevenbroich.de\/wp-content\/uploads\/Freundeskreis_Weih_2003-150x150.jpg\" alt=\"\" width=\"150\" height=\"150\" \/><p id=\"caption-attachment-216\" class=\"wp-caption-text\">Der Freundeskreis 2003<\/p><\/div>\n<p><span class=\"Apple-style-span\" style=\"color: #333333; font-weight: 300;\">Getreu dem Moto &#8220;Einmal Pfadfinder, immer Pfadfinder&#8221; sind wir ein bunt <\/span><span class=\"Apple-style-span\" style=\"color: #333333; font-weight: 300;\">zusammen gew\u00fcrfelter Haufen von ehemaligen Mitgliedern des Stammes. <\/span><span class=\"Apple-style-span\" style=\"color: #333333; font-weight: 300;\">Durch die Bank haben<\/span><span class=\"Apple-style-span\" style=\"color: #333333; font-weight: 300;\">wir alle etwas mit dem Stamm zutun gehabt, die einen l\u00e4nger, die anderen k\u00fcrzer.<\/span><\/p>\n<p>Wir wollen etwas f\u00fcr und mit dem Stamm machen.<br \/>\nDie Leiterrunde in ihren T\u00e4tigkeiten unterst\u00fctzen und<br \/>\nbei Planungen, Fahrten, usw. hilfreich zur Seite stehen.<\/p>\n<p>&nbsp;<\/p>\n<p>&nbsp;<\/p>\n<div id=\"attachment_218\" style=\"width: 234px\" class=\"wp-caption alignleft\"><img aria-describedby=\"caption-attachment-218\" decoding=\"async\" loading=\"lazy\" class=\"size-medium wp-image-218  \" title=\"Tag der offenen T\u00f6pfe\" src=\"https:\/\/www.dpsg-grevenbroich.de\/wp-content\/uploads\/Zellhof_2011_Toepfe-224x300.jpg\" alt=\"\" width=\"224\" height=\"300\" srcset=\"https:\/\/www.dpsg-grevenbroich.de\/wp-content\/uploads\/Zellhof_2011_Toepfe-224x300.jpg 224w, https:\/\/www.dpsg-grevenbroich.de\/wp-content\/uploads\/Zellhof_2011_Toepfe-764x1024.jpg 764w, https:\/\/www.dpsg-grevenbroich.de\/wp-content\/uploads\/Zellhof_2011_Toepfe.jpg 1936w\" sizes=\"(max-width: 224px) 100vw, 224px\" \/><p id=\"caption-attachment-218\" class=\"wp-caption-text\">Freundeskreis-Kochteam - SoLa 2011 Zellhof\/\u00d6sterreich<\/p><\/div>\n<p>&nbsp;<\/p>\n<p>Wir sind allzeit bereit um:<\/p>\n<ul>\n<li>dem Stamm mit WoMen-Power unter die Arme zu greifen<\/li>\n<li>Spa\u00df zu haben<\/li>\n<li>um als Pfadfinder aktiv in einer Gruppe agieren zu k\u00f6nnen, ohne gro\u00dfe Verpflichtungen eingehen zu m\u00fcssen<\/li>\n<li>um neue und alte Pfadfinder kennen zu lernen und wieder zutreffen<\/li>\n<li>um Erfahrungen und Know-How weitergeben zu k\u00f6nnen<\/li>\n<\/ul>\n<p>Wer jetzt noch Fragen hat oder daran interessiert ist, bei uns mitzumachen, erreicht uns unter <a title=\"Eine Email an den Freundeskreis schreiben\" href=\"mailto:fk@dpsg-grevenbroich.de\">fk@dpsg-grevenbroich.de<\/a><\/p>\n","protected":false},"excerpt":{"rendered":"<p>Getreu dem Moto &#8220;Einmal Pfadfinder, immer Pfadfinder&#8221; sind wir ein bunt zusammen gew\u00fcrfelter Haufen von ehemaligen Mitgliedern des Stammes. Durch die Bank habenwir alle etwas mit dem Stamm zutun gehabt, die einen l\u00e4nger, die anderen k\u00fcrzer. Wir wollen etwas f\u00fcr und mit dem Stamm machen. Die Leiterrunde in ihren T\u00e4tigkeiten unterst\u00fctzen und bei Planungen, Fahrten,&#8230;<\/p>\n","protected":false},"author":3,"featured_media":0,"parent":18,"menu_order":0,"comment_status":"open","ping_status":"open","template":"template-full.php","meta":[],"_links":{"self":[{"href":"https:\/\/www.dpsg-grevenbroich.de\/index.php?rest_route=\/wp\/v2\/pages\/49"}],"collection":[{"href":"https:\/\/www.dpsg-grevenbroich.de\/index.php?rest_route=\/wp\/v2\/pages"}],"about":[{"href":"https:\/\/www.dpsg-grevenbroich.de\/index.php?rest_route=\/wp\/v2\/types\/page"}],"author":[{"embeddable":true,"href":"https:\/\/www.dpsg-grevenbroich.de\/index.php?rest_route=\/wp\/v2\/users\/3"}],"replies":[{"embeddable":true,"href":"https:\/\/www.dpsg-grevenbroich.de\/index.php?rest_route=%2Fwp%2Fv2%2Fcomments&post=49"}],"version-history":[{"count":23,"href":"https:\/\/www.dpsg-grevenbroich.de\/index.php?rest_route=\/wp\/v2\/pages\/49\/revisions"}],"predecessor-version":[{"id":217,"href":"https:\/\/www.dpsg-grevenbroich.de\/index.php?rest_route=\/wp\/v2\/pages\/49\/revisions\/217"}],"up":[{"embeddable":true,"href":"https:\/\/www.dpsg-grevenbroich.de\/index.php?rest_route=\/wp\/v2\/pages\/18"}],"wp:attachment":[{"href":"https:\/\/www.dpsg-grevenbroich.de\/index.php?rest_route=%2Fwp%2Fv2%2Fmedia&parent=49"}],"curies":[{"name":"wp","href":"https:\/\/api.w.org\/{rel}","templated":true}]}}