{"id":618,"date":"2012-01-17T16:59:32","date_gmt":"2012-01-17T15:59:32","guid":{"rendered":"https:\/\/www.dpsg-grevenbroich.de\/?page_id=618"},"modified":"2012-04-17T19:04:44","modified_gmt":"2012-04-17T18:04:44","slug":"die-untersutzung","status":"publish","type":"page","link":"https:\/\/www.dpsg-grevenbroich.de\/?page_id=618","title":{"rendered":"Die Unterst\u00fctzung"},"content":{"rendered":"<p>&nbsp;<\/p>\n<blockquote><p><span class=\"Apple-style-span\" style=\"color: #333333; font-weight: 300;\">Die Mitglieder unseres Stammes arbeiten zwar ehrenamtlich, aber die laufende Arbeit ist nicht ohne entsprechende finanzielle Mittel zu leisten.<\/span><\/p><\/blockquote>\n<p>Die Finanzierung unserer Arbeit wird durch den schrittweisen Abbau von \u00f6ffentlichen Zusch\u00fcssen immer schwieriger. Auch aus diesem Grund sind wird immer auf der Suche nach M\u00f6glichkeiten unsere Arbeit finanzieren zu k\u00f6nnen. Dies haben wir beispielsweise versucht, indem wir in der Grevenbroicher Innenstadt Aktionst\u00e4nde aufgebaut haben, der j\u00e4hrliche Weihnachtsbaumverkauf tr\u00e4gt dazu bei.<\/p>\n<p>\u00dcber Spenden freuen wir uns jederzeit. Da wir als gemeinn\u00fctziger Verein anerkannt sind, besteht die M\u00f6glichkeit eine steuerabzugsf\u00e4hige \u00a0Spendenquittung zu zustellen.<\/p>\n<p>Einen wichtigen Beitrag zur stetigen Finanzierung unserer Jugendarbeit leistet unser\u00a0<a title=\"Der F\u00f6rderverein\" href=\"https:\/\/www.dpsg-grevenbroich.de\/?page_id=32\">F\u00f6rderverein.<\/a><br \/>\nWer uns hier dauerhaft unterst\u00fctzen will, findet eine hier auch eine\u00a0<a href=\"https:\/\/www.dpsg-grevenbroich.de\/wp-content\/uploads\/AnmeldebogenDPSG2010.pdf\">Beitrittserkl\u00e4rung<\/a>.<\/p>\n<p>Andreas Scholz steht Ihnen gerne f\u00fcr alle Fragen zur Verf\u00fcgung.<\/p>\n","protected":false},"excerpt":{"rendered":"<p>&nbsp; Die Mitglieder unseres Stammes arbeiten zwar ehrenamtlich, aber die laufende Arbeit ist nicht ohne entsprechende finanzielle Mittel zu leisten. Die Finanzierung unserer Arbeit wird durch den schrittweisen Abbau von \u00f6ffentlichen Zusch\u00fcssen immer schwieriger. Auch aus diesem Grund sind wird immer auf der Suche nach M\u00f6glichkeiten unsere Arbeit finanzieren zu k\u00f6nnen. Dies haben wir beispielsweise&#8230;<\/p>\n","protected":false},"author":3,"featured_media":0,"parent":0,"menu_order":0,"comment_status":"closed","ping_status":"closed","template":"","meta":[],"_links":{"self":[{"href":"https:\/\/www.dpsg-grevenbroich.de\/index.php?rest_route=\/wp\/v2\/pages\/618"}],"collection":[{"href":"https:\/\/www.dpsg-grevenbroich.de\/index.php?rest_route=\/wp\/v2\/pages"}],"about":[{"href":"https:\/\/www.dpsg-grevenbroich.de\/index.php?rest_route=\/wp\/v2\/types\/page"}],"author":[{"embeddable":true,"href":"https:\/\/www.dpsg-grevenbroich.de\/index.php?rest_route=\/wp\/v2\/users\/3"}],"replies":[{"embeddable":true,"href":"https:\/\/www.dpsg-grevenbroich.de\/index.php?rest_route=%2Fwp%2Fv2%2Fcomments&post=618"}],"version-history":[{"count":6,"href":"https:\/\/www.dpsg-grevenbroich.de\/index.php?rest_route=\/wp\/v2\/pages\/618\/revisions"}],"predecessor-version":[{"id":624,"href":"https:\/\/www.dpsg-grevenbroich.de\/index.php?rest_route=\/wp\/v2\/pages\/618\/revisions\/624"}],"wp:attachment":[{"href":"https:\/\/www.dpsg-grevenbroich.de\/index.php?rest_route=%2Fwp%2Fv2%2Fmedia&parent=618"}],"curies":[{"name":"wp","href":"https:\/\/api.w.org\/{rel}","templated":true}]}}